{"id":126,"date":"2013-03-27T16:37:31","date_gmt":"2013-03-27T16:37:31","guid":{"rendered":"http:\/\/www.erdurand.com\/fr\/?page_id=126"},"modified":"2015-01-15T08:57:00","modified_gmt":"2015-01-15T08:57:00","slug":"audio","status":"publish","type":"page","link":"http:\/\/www.erdurand.com\/fr\/audio\/","title":{"rendered":"Audio"},"content":{"rendered":"<p>Les messages que j&#8217;ai pr\u00e9ch\u00e9 \u00e0 L&#8217;Eglise Protestante Evang\u00e9lique de Guingamp se trouvent l\u00e0: <a href=\"http:\/\/www.epe-guingamp.com\/ressources\/predications\/?preacher=4\">EPEG<\/a>.<\/p>\n<p>[sermon]<\/p>\n","protected":false},"excerpt":{"rendered":"<p>Les messages que j&#8217;ai pr\u00e9ch\u00e9 \u00e0 L&#8217;Eglise Protestante Evang\u00e9lique de Guingamp se trouvent l\u00e0: EPEG. [sermon]<\/p>\n","protected":false},"author":1,"featured_media":0,"parent":0,"menu_order":0,"comment_status":"open","ping_status":"open","template":"","meta":{"footnotes":""},"class_list":["post-126","page","type-page","status-publish","hentry"],"_links":{"self":[{"href":"http:\/\/www.erdurand.com\/fr\/wp-json\/wp\/v2\/pages\/126","targetHints":{"allow":["GET"]}}],"collection":[{"href":"http:\/\/www.erdurand.com\/fr\/wp-json\/wp\/v2\/pages"}],"about":[{"href":"http:\/\/www.erdurand.com\/fr\/wp-json\/wp\/v2\/types\/page"}],"author":[{"embeddable":true,"href":"http:\/\/www.erdurand.com\/fr\/wp-json\/wp\/v2\/users\/1"}],"replies":[{"embeddable":true,"href":"http:\/\/www.erdurand.com\/fr\/wp-json\/wp\/v2\/comments?post=126"}],"version-history":[{"count":4,"href":"http:\/\/www.erdurand.com\/fr\/wp-json\/wp\/v2\/pages\/126\/revisions"}],"predecessor-version":[{"id":198,"href":"http:\/\/www.erdurand.com\/fr\/wp-json\/wp\/v2\/pages\/126\/revisions\/198"}],"wp:attachment":[{"href":"http:\/\/www.erdurand.com\/fr\/wp-json\/wp\/v2\/media?parent=126"}],"curies":[{"name":"wp","href":"https:\/\/api.w.org\/{rel}","templated":true}]}}