{"id":37,"date":"2012-11-28T09:52:56","date_gmt":"2012-11-28T09:52:56","guid":{"rendered":"http:\/\/www.erdurand.com\/fr\/?page_id=37"},"modified":"2012-11-28T09:52:56","modified_gmt":"2012-11-28T09:52:56","slug":"qui-sommes-nous","status":"publish","type":"page","link":"http:\/\/www.erdurand.com\/fr\/qui-sommes-nous\/","title":{"rendered":"Qui sommes-nous?"},"content":{"rendered":"<figure id=\"attachment_43\" aria-describedby=\"caption-attachment-43\" style=\"width: 300px\" class=\"wp-caption alignleft\"><a href=\"http:\/\/www.erdurand.com\/fr\/wp-content\/uploads\/2012\/11\/IMG_67001.jpg\"><img loading=\"lazy\" decoding=\"async\" class=\"size-medium wp-image-43\" title=\"Famille Durand, Juillet 2012\" src=\"http:\/\/www.erdurand.com\/fr\/wp-content\/uploads\/2012\/11\/IMG_67001-300x200.jpg\" alt=\"\" width=\"300\" height=\"200\" srcset=\"http:\/\/www.erdurand.com\/fr\/wp-content\/uploads\/2012\/11\/IMG_67001-300x200.jpg 300w, http:\/\/www.erdurand.com\/fr\/wp-content\/uploads\/2012\/11\/IMG_67001-700x466.jpg 700w, http:\/\/www.erdurand.com\/fr\/wp-content\/uploads\/2012\/11\/IMG_67001.jpg 1024w\" sizes=\"auto, (max-width: 300px) 100vw, 300px\" \/><\/a><figcaption id=\"caption-attachment-43\" class=\"wp-caption-text\">La Famille Durand, Juillet 2012<\/figcaption><\/figure>\n<p>Je suis le mari d&#8217;Esther, et le papa de Jean-Baptiste, Maxime et Benjamin. J&#8217;ai l&#8217;immense privil\u00e8ge de pouvoir\u00a0annoncer\u00a0la bonne nouvelle que J\u00e9sus-Christ est venu dans le monde pour sauver des p\u00e9cheurs, dont je suis moi m\u00eame le premier. Nous habitons en Bretagne depuis ao\u00fbt 2010. Nous sommes membres de l&#8217;<a title=\"Eglise Protestante Evang\u00e9lique de Guingamp\" href=\"http:\/\/www.epe-guingamp.com\" target=\"_blank\">Eglise Protestante \u00c9vang\u00e9lique de Guingamp<\/a> (CAEF). Nous sommes aussi membres de <a href=\"http:\/\/www.ufm.org.uk\/\" target=\"_blank\">UFM Worldwide<\/a>, une soci\u00e9t\u00e9 missionaire\u00a0Britannique, avec laquelle nous travaillons.<\/p>\n","protected":false},"excerpt":{"rendered":"<p>Je suis le mari d&#8217;Esther, et le papa de Jean-Baptiste, Maxime et Benjamin. J&#8217;ai l&#8217;immense privil\u00e8ge de pouvoir\u00a0annoncer\u00a0la bonne nouvelle que J\u00e9sus-Christ est venu dans le monde pour sauver des p\u00e9cheurs, dont je suis moi m\u00eame le premier. Nous habitons en Bretagne depuis ao\u00fbt 2010. Nous sommes membres de l&#8217;Eglise Protestante \u00c9vang\u00e9lique de Guingamp (CAEF). &hellip; <a href=\"http:\/\/www.erdurand.com\/fr\/qui-sommes-nous\/\" class=\"more-link\">Continue reading <span class=\"screen-reader-text\">Qui sommes-nous?<\/span><\/a><\/p>\n","protected":false},"author":1,"featured_media":0,"parent":0,"menu_order":0,"comment_status":"open","ping_status":"open","template":"","meta":{"footnotes":""},"class_list":["post-37","page","type-page","status-publish","hentry"],"_links":{"self":[{"href":"http:\/\/www.erdurand.com\/fr\/wp-json\/wp\/v2\/pages\/37","targetHints":{"allow":["GET"]}}],"collection":[{"href":"http:\/\/www.erdurand.com\/fr\/wp-json\/wp\/v2\/pages"}],"about":[{"href":"http:\/\/www.erdurand.com\/fr\/wp-json\/wp\/v2\/types\/page"}],"author":[{"embeddable":true,"href":"http:\/\/www.erdurand.com\/fr\/wp-json\/wp\/v2\/users\/1"}],"replies":[{"embeddable":true,"href":"http:\/\/www.erdurand.com\/fr\/wp-json\/wp\/v2\/comments?post=37"}],"version-history":[{"count":4,"href":"http:\/\/www.erdurand.com\/fr\/wp-json\/wp\/v2\/pages\/37\/revisions"}],"predecessor-version":[{"id":46,"href":"http:\/\/www.erdurand.com\/fr\/wp-json\/wp\/v2\/pages\/37\/revisions\/46"}],"wp:attachment":[{"href":"http:\/\/www.erdurand.com\/fr\/wp-json\/wp\/v2\/media?parent=37"}],"curies":[{"name":"wp","href":"https:\/\/api.w.org\/{rel}","templated":true}]}}